{"id":1255,"date":"2021-11-20T11:21:21","date_gmt":"2021-11-20T16:21:21","guid":{"rendered":"http:\/\/association-taekwondo-montreal.ca\/contact"},"modified":"2021-11-20T11:40:58","modified_gmt":"2021-11-20T16:40:58","slug":"contact","status":"publish","type":"page","link":"https:\/\/association-taekwondo-montreal.ca\/en\/contact","title":{"rendered":"CONTACT"},"content":{"rendered":"\t\t<div data-elementor-type=\"wp-page\" data-elementor-id=\"1255\" class=\"elementor elementor-1255 elementor-566\" data-elementor-post-type=\"page\">\n\t\t\t\t\t\t<section class=\"elementor-section elementor-top-section elementor-element elementor-element-4be0fb30 elementor-section-boxed elementor-section-height-default elementor-section-height-default\" data-id=\"4be0fb30\" data-element_type=\"section\" data-e-type=\"section\" data-settings=\"{&quot;jet_parallax_layout_list&quot;:[{&quot;jet_parallax_layout_image&quot;:{&quot;url&quot;:&quot;&quot;,&quot;id&quot;:&quot;&quot;,&quot;size&quot;:&quot;&quot;},&quot;_id&quot;:&quot;58a163f&quot;,&quot;jet_parallax_layout_image_tablet&quot;:{&quot;url&quot;:&quot;&quot;,&quot;id&quot;:&quot;&quot;,&quot;size&quot;:&quot;&quot;},&quot;jet_parallax_layout_image_mobile&quot;:{&quot;url&quot;:&quot;&quot;,&quot;id&quot;:&quot;&quot;,&quot;size&quot;:&quot;&quot;},&quot;jet_parallax_layout_speed&quot;:{&quot;unit&quot;:&quot;%&quot;,&quot;size&quot;:50,&quot;sizes&quot;:[]},&quot;jet_parallax_layout_type&quot;:&quot;scroll&quot;,&quot;jet_parallax_layout_direction&quot;:&quot;1&quot;,&quot;jet_parallax_layout_fx_direction&quot;:null,&quot;jet_parallax_layout_z_index&quot;:&quot;&quot;,&quot;jet_parallax_layout_bg_x&quot;:50,&quot;jet_parallax_layout_bg_x_tablet&quot;:&quot;&quot;,&quot;jet_parallax_layout_bg_x_mobile&quot;:&quot;&quot;,&quot;jet_parallax_layout_bg_y&quot;:50,&quot;jet_parallax_layout_bg_y_tablet&quot;:&quot;&quot;,&quot;jet_parallax_layout_bg_y_mobile&quot;:&quot;&quot;,&quot;jet_parallax_layout_bg_size&quot;:&quot;auto&quot;,&quot;jet_parallax_layout_bg_size_tablet&quot;:&quot;&quot;,&quot;jet_parallax_layout_bg_size_mobile&quot;:&quot;&quot;,&quot;jet_parallax_layout_animation_prop&quot;:&quot;transform&quot;,&quot;jet_parallax_layout_on&quot;:[&quot;desktop&quot;,&quot;tablet&quot;]}]}\">\n\t\t\t\t\t\t<div class=\"elementor-container elementor-column-gap-default\">\n\t\t\t\t\t<div class=\"elementor-column elementor-col-100 elementor-top-column elementor-element elementor-element-4f68d512\" data-id=\"4f68d512\" data-element_type=\"column\" data-e-type=\"column\">\n\t\t\t<div class=\"elementor-widget-wrap elementor-element-populated\">\n\t\t\t\t\t\t<div class=\"elementor-element elementor-element-5a81372a elementor-widget elementor-widget-text-editor\" data-id=\"5a81372a\" data-element_type=\"widget\" data-e-type=\"widget\" data-widget_type=\"text-editor.default\">\n\t\t\t\t<div class=\"elementor-widget-container\">\n\t\t\t\t\t\t\t\t\t<h2>Montreal Taekwondo Association<\/h2>\n<p>8110 Boulevard St-Michel<br \/>Montr\u00e9al, Qu\u00e9bec, H1Z 3E2<br \/>T\u00e9l: (514) 722-2551 Poste 405<br \/>T\u00e9l\u00e9: (514) 722-8149<\/p>\n<h3>BOARD MEMBERS<\/h3>\n\t\t\t\t\t\t\t\t<\/div>\n\t\t\t\t<\/div>\n\t\t\t\t\t<\/div>\n\t\t<\/div>\n\t\t\t\t\t<\/div>\n\t\t<\/section>\n\t\t\t\t<section class=\"elementor-section elementor-top-section elementor-element elementor-element-b5d5d3c elementor-section-boxed elementor-section-height-default elementor-section-height-default\" data-id=\"b5d5d3c\" data-element_type=\"section\" data-e-type=\"section\" data-settings=\"{&quot;jet_parallax_layout_list&quot;:[{&quot;jet_parallax_layout_image&quot;:{&quot;url&quot;:&quot;&quot;,&quot;id&quot;:&quot;&quot;,&quot;size&quot;:&quot;&quot;},&quot;_id&quot;:&quot;7251150&quot;,&quot;jet_parallax_layout_image_tablet&quot;:{&quot;url&quot;:&quot;&quot;,&quot;id&quot;:&quot;&quot;,&quot;size&quot;:&quot;&quot;},&quot;jet_parallax_layout_image_mobile&quot;:{&quot;url&quot;:&quot;&quot;,&quot;id&quot;:&quot;&quot;,&quot;size&quot;:&quot;&quot;},&quot;jet_parallax_layout_speed&quot;:{&quot;unit&quot;:&quot;%&quot;,&quot;size&quot;:50,&quot;sizes&quot;:[]},&quot;jet_parallax_layout_type&quot;:&quot;scroll&quot;,&quot;jet_parallax_layout_direction&quot;:&quot;1&quot;,&quot;jet_parallax_layout_fx_direction&quot;:null,&quot;jet_parallax_layout_z_index&quot;:&quot;&quot;,&quot;jet_parallax_layout_bg_x&quot;:50,&quot;jet_parallax_layout_bg_x_tablet&quot;:&quot;&quot;,&quot;jet_parallax_layout_bg_x_mobile&quot;:&quot;&quot;,&quot;jet_parallax_layout_bg_y&quot;:50,&quot;jet_parallax_layout_bg_y_tablet&quot;:&quot;&quot;,&quot;jet_parallax_layout_bg_y_mobile&quot;:&quot;&quot;,&quot;jet_parallax_layout_bg_size&quot;:&quot;auto&quot;,&quot;jet_parallax_layout_bg_size_tablet&quot;:&quot;&quot;,&quot;jet_parallax_layout_bg_size_mobile&quot;:&quot;&quot;,&quot;jet_parallax_layout_animation_prop&quot;:&quot;transform&quot;,&quot;jet_parallax_layout_on&quot;:[&quot;desktop&quot;,&quot;tablet&quot;]}]}\">\n\t\t\t\t\t\t<div class=\"elementor-container elementor-column-gap-default\">\n\t\t\t\t\t<div class=\"elementor-column elementor-col-100 elementor-top-column elementor-element elementor-element-3d720ed\" data-id=\"3d720ed\" data-element_type=\"column\" data-e-type=\"column\">\n\t\t\t<div class=\"elementor-widget-wrap elementor-element-populated\">\n\t\t\t\t\t\t<div class=\"elementor-element elementor-element-80e14e1 elementor-widget elementor-widget-text-editor\" data-id=\"80e14e1\" data-element_type=\"widget\" data-e-type=\"widget\" data-widget_type=\"text-editor.default\">\n\t\t\t\t<div class=\"elementor-widget-container\">\n\t\t\t\t\t\t\t\t\t<table id=\"t2\" width=\"100%\">\n<thead>\n<tr>\n<th id=\"n1\" scope=\"col\">\n<h3><strong>ADMINISTRATION<\/strong><\/h3>\n<\/th>\n<th id=\"n2\" scope=\"col\">\n<h3><strong>NAME<\/strong><\/h3>\n<\/th>\n<th id=\"n3\" scope=\"col\">\n<h3><strong>EMAIL<\/strong><\/h3>\n<\/th>\n<th id=\"n3\" scope=\"col\">\n<h3><strong>SCHOOL<\/strong><\/h3>\n<\/th>\n<\/tr>\n<\/thead>\n<tbody>\n<tr>\n<td id=\"n66\">President<\/td>\n<td id=\"n67\">Ma\u00eetre Evangelos Lygeros<\/td>\n<td id=\"n68\"><a href=\"mailto:ligeros@hotmail.com\">ligeros@hotmail.com<\/a><\/td>\n<td id=\"n69\">Chong Lee Taekwondo<\/td>\n<\/tr>\n<tr>\n<td id=\"n62\">Vice-President<\/td>\n<td id=\"n63\">Michel Labont\u00e9<\/td>\n<td id=\"n64\"><\/td>\n<td id=\"n65\"><\/td>\n<\/tr>\n<tr>\n<td id=\"n58\">Director technique<\/td>\n<td id=\"n59\">Ma\u00eetre Ashley Castaneda<\/td>\n<td id=\"n60\"><a href=\"mailto:ashley@ashleytaekwondo.ca\">ashley@ashleytaekwondo.ca<\/a><\/td>\n<td id=\"n61\">Ashley Taekwondo<\/td>\n<\/tr>\n<tr>\n<td id=\"n54\">Treasurer<\/td>\n<td id=\"n55\">Mehmet Colak<\/td>\n<td id=\"n56\"><\/td>\n<td id=\"n57\"><\/td>\n<\/tr>\n<tr>\n<td id=\"n50\">Director<\/td>\n<td id=\"n51\">Raymond Mourad<\/td>\n<td id=\"n52\"><a href=\"mailto:rmtaekwondo@videotron.ca\">rmtaekwondo@videotron.ca<\/a><\/td>\n<td id=\"n53\">Raymond Mourad Taekwondo Academy<\/td>\n<\/tr>\n<tr>\n<td id=\"n46\">Director<\/td>\n<td id=\"n47\">Abdel-Ilah Es-Sabbar<\/td>\n<td id=\"n48\"><a href=\"mailto:ecoledeschampions@hotmail.com\">ecoledeschampions@hotmail.com<\/a><\/td>\n<td id=\"n49\">\u00c9cole des Champions<\/td>\n<\/tr>\n<tr>\n<td id=\"n42\">Secretary<\/td>\n<td id=\"n43\">Johanne Labont\u00e9<\/td>\n<td id=\"n44\"><a href=\"mailto:j_labonte@videotron.ca\">j_labonte@videotron.ca<\/a><\/td>\n<td id=\"n45\">Ashley Taekwondo<\/td>\n<\/tr>\n<tr>\n<td id=\"n38\">Director<\/td>\n<td id=\"n39\">Tarik Moufakir<\/td>\n<td id=\"n40\"><\/td>\n<td id=\"n41\">Club Laurentien<\/td>\n<\/tr>\n<\/tbody>\n<\/table>\t\t\t\t\t\t\t\t<\/div>\n\t\t\t\t<\/div>\n\t\t\t\t\t<\/div>\n\t\t<\/div>\n\t\t\t\t\t<\/div>\n\t\t<\/section>\n\t\t\t\t<\/div>\n\t\t","protected":false},"excerpt":{"rendered":"<p>Montreal Taekwondo Association 8110 Boulevard St-MichelMontr\u00e9al, Qu\u00e9bec, H1Z 3E2T\u00e9l: (514) 722-2551 Poste 405T\u00e9l\u00e9: (514) 722-8149 BOARD MEMBERS ADMINISTRATION NAME EMAIL SCHOOL President Ma\u00eetre Evangelos Lygeros ligeros@hotmail.com Chong Lee Taekwondo Vice-President Michel Labont\u00e9 Director technique Ma\u00eetre Ashley Castaneda ashley@ashleytaekwondo.ca Ashley Taekwondo Treasurer Mehmet Colak Director Raymond Mourad rmtaekwondo@videotron.ca Raymond Mourad Taekwondo Academy Director Abdel-Ilah Es-Sabbar ecoledeschampions@hotmail.com [&hellip;]<\/p>\n","protected":false},"author":1,"featured_media":0,"parent":0,"menu_order":0,"comment_status":"closed","ping_status":"closed","template":"","meta":{"footnotes":""},"class_list":["post-1255","page","type-page","status-publish","hentry"],"_links":{"self":[{"href":"https:\/\/association-taekwondo-montreal.ca\/en\/wp-json\/wp\/v2\/pages\/1255","targetHints":{"allow":["GET"]}}],"collection":[{"href":"https:\/\/association-taekwondo-montreal.ca\/en\/wp-json\/wp\/v2\/pages"}],"about":[{"href":"https:\/\/association-taekwondo-montreal.ca\/en\/wp-json\/wp\/v2\/types\/page"}],"author":[{"embeddable":true,"href":"https:\/\/association-taekwondo-montreal.ca\/en\/wp-json\/wp\/v2\/users\/1"}],"replies":[{"embeddable":true,"href":"https:\/\/association-taekwondo-montreal.ca\/en\/wp-json\/wp\/v2\/comments?post=1255"}],"version-history":[{"count":0,"href":"https:\/\/association-taekwondo-montreal.ca\/en\/wp-json\/wp\/v2\/pages\/1255\/revisions"}],"wp:attachment":[{"href":"https:\/\/association-taekwondo-montreal.ca\/en\/wp-json\/wp\/v2\/media?parent=1255"}],"curies":[{"name":"wp","href":"https:\/\/api.w.org\/{rel}","templated":true}]}}