{"id":1257,"date":"2021-11-20T11:24:21","date_gmt":"2021-11-20T16:24:21","guid":{"rendered":"http:\/\/association-taekwondo-montreal.ca\/schools"},"modified":"2022-10-23T15:54:47","modified_gmt":"2022-10-23T19:54:47","slug":"schools","status":"publish","type":"page","link":"https:\/\/association-taekwondo-montreal.ca\/en\/schools","title":{"rendered":"SCHOOLS"},"content":{"rendered":"\t\t<div data-elementor-type=\"wp-page\" data-elementor-id=\"1257\" class=\"elementor elementor-1257 elementor-564\" data-elementor-post-type=\"page\">\n\t\t\t\t\t\t<section class=\"elementor-section elementor-top-section elementor-element elementor-element-4f5c31c elementor-section-full_width elementor-section-height-default elementor-section-height-default\" data-id=\"4f5c31c\" data-element_type=\"section\" data-e-type=\"section\" data-settings=\"{&quot;jet_parallax_layout_list&quot;:[{&quot;_id&quot;:&quot;3e9b153&quot;,&quot;jet_parallax_layout_speed&quot;:{&quot;unit&quot;:&quot;%&quot;,&quot;size&quot;:50,&quot;sizes&quot;:[]},&quot;jet_parallax_layout_image&quot;:{&quot;url&quot;:&quot;&quot;,&quot;id&quot;:&quot;&quot;,&quot;size&quot;:&quot;&quot;},&quot;jet_parallax_layout_image_tablet&quot;:{&quot;url&quot;:&quot;&quot;,&quot;id&quot;:&quot;&quot;,&quot;size&quot;:&quot;&quot;},&quot;jet_parallax_layout_image_mobile&quot;:{&quot;url&quot;:&quot;&quot;,&quot;id&quot;:&quot;&quot;,&quot;size&quot;:&quot;&quot;},&quot;jet_parallax_layout_type&quot;:&quot;scroll&quot;,&quot;jet_parallax_layout_direction&quot;:&quot;1&quot;,&quot;jet_parallax_layout_fx_direction&quot;:null,&quot;jet_parallax_layout_z_index&quot;:&quot;&quot;,&quot;jet_parallax_layout_bg_x&quot;:50,&quot;jet_parallax_layout_bg_x_tablet&quot;:&quot;&quot;,&quot;jet_parallax_layout_bg_x_mobile&quot;:&quot;&quot;,&quot;jet_parallax_layout_bg_y&quot;:50,&quot;jet_parallax_layout_bg_y_tablet&quot;:&quot;&quot;,&quot;jet_parallax_layout_bg_y_mobile&quot;:&quot;&quot;,&quot;jet_parallax_layout_bg_size&quot;:&quot;auto&quot;,&quot;jet_parallax_layout_bg_size_tablet&quot;:&quot;&quot;,&quot;jet_parallax_layout_bg_size_mobile&quot;:&quot;&quot;,&quot;jet_parallax_layout_animation_prop&quot;:&quot;transform&quot;,&quot;jet_parallax_layout_on&quot;:[&quot;desktop&quot;,&quot;tablet&quot;]}],&quot;background_background&quot;:&quot;classic&quot;}\">\n\t\t\t\t\t\t<div class=\"elementor-container elementor-column-gap-default\">\n\t\t\t\t\t<div class=\"elementor-column elementor-col-50 elementor-top-column elementor-element elementor-element-dd9576f\" data-id=\"dd9576f\" data-element_type=\"column\" data-e-type=\"column\">\n\t\t\t<div class=\"elementor-widget-wrap elementor-element-populated\">\n\t\t\t\t\t\t<div class=\"elementor-element elementor-element-1318df0 elementor-widget elementor-widget-spacer\" data-id=\"1318df0\" data-element_type=\"widget\" data-e-type=\"widget\" data-widget_type=\"spacer.default\">\n\t\t\t\t<div class=\"elementor-widget-container\">\n\t\t\t\t\t\t\t<div class=\"elementor-spacer\">\n\t\t\t<div class=\"elementor-spacer-inner\"><\/div>\n\t\t<\/div>\n\t\t\t\t\t\t<\/div>\n\t\t\t\t<\/div>\n\t\t\t\t<div class=\"elementor-element elementor-element-ea9c984 elementor-widget elementor-widget-heading\" data-id=\"ea9c984\" data-element_type=\"widget\" data-e-type=\"widget\" data-widget_type=\"heading.default\">\n\t\t\t\t<div class=\"elementor-widget-container\">\n\t\t\t\t\t<h1 class=\"elementor-heading-title elementor-size-default\">MONTREAL<BR>\nTAEKWONDO<BR>\nASSOCIATION<\/h1>\t\t\t\t<\/div>\n\t\t\t\t<\/div>\n\t\t\t\t\t<\/div>\n\t\t<\/div>\n\t\t\t\t<div class=\"elementor-column elementor-col-50 elementor-top-column elementor-element elementor-element-0a5b03e\" data-id=\"0a5b03e\" data-element_type=\"column\" data-e-type=\"column\">\n\t\t\t<div class=\"elementor-widget-wrap elementor-element-populated\">\n\t\t\t\t\t\t<div class=\"elementor-element elementor-element-b7ce16a elementor-widget elementor-widget-heading\" data-id=\"b7ce16a\" data-element_type=\"widget\" data-e-type=\"widget\" data-widget_type=\"heading.default\">\n\t\t\t\t<div class=\"elementor-widget-container\">\n\t\t\t\t\t<h1 class=\"elementor-heading-title elementor-size-default\">SCHOOLS<\/h1>\t\t\t\t<\/div>\n\t\t\t\t<\/div>\n\t\t\t\t\t<\/div>\n\t\t<\/div>\n\t\t\t\t\t<\/div>\n\t\t<\/section>\n\t\t\t\t<section class=\"elementor-section elementor-top-section elementor-element elementor-element-ab16f27 elementor-section-boxed elementor-section-height-default elementor-section-height-default\" data-id=\"ab16f27\" data-element_type=\"section\" data-e-type=\"section\" data-settings=\"{&quot;jet_parallax_layout_list&quot;:[{&quot;jet_parallax_layout_image&quot;:{&quot;url&quot;:&quot;&quot;,&quot;id&quot;:&quot;&quot;,&quot;size&quot;:&quot;&quot;},&quot;_id&quot;:&quot;7251150&quot;,&quot;jet_parallax_layout_image_tablet&quot;:{&quot;url&quot;:&quot;&quot;,&quot;id&quot;:&quot;&quot;,&quot;size&quot;:&quot;&quot;},&quot;jet_parallax_layout_image_mobile&quot;:{&quot;url&quot;:&quot;&quot;,&quot;id&quot;:&quot;&quot;,&quot;size&quot;:&quot;&quot;},&quot;jet_parallax_layout_speed&quot;:{&quot;unit&quot;:&quot;%&quot;,&quot;size&quot;:50,&quot;sizes&quot;:[]},&quot;jet_parallax_layout_type&quot;:&quot;scroll&quot;,&quot;jet_parallax_layout_direction&quot;:&quot;1&quot;,&quot;jet_parallax_layout_fx_direction&quot;:null,&quot;jet_parallax_layout_z_index&quot;:&quot;&quot;,&quot;jet_parallax_layout_bg_x&quot;:50,&quot;jet_parallax_layout_bg_x_tablet&quot;:&quot;&quot;,&quot;jet_parallax_layout_bg_x_mobile&quot;:&quot;&quot;,&quot;jet_parallax_layout_bg_y&quot;:50,&quot;jet_parallax_layout_bg_y_tablet&quot;:&quot;&quot;,&quot;jet_parallax_layout_bg_y_mobile&quot;:&quot;&quot;,&quot;jet_parallax_layout_bg_size&quot;:&quot;auto&quot;,&quot;jet_parallax_layout_bg_size_tablet&quot;:&quot;&quot;,&quot;jet_parallax_layout_bg_size_mobile&quot;:&quot;&quot;,&quot;jet_parallax_layout_animation_prop&quot;:&quot;transform&quot;,&quot;jet_parallax_layout_on&quot;:[&quot;desktop&quot;,&quot;tablet&quot;]}]}\">\n\t\t\t\t\t\t<div class=\"elementor-container elementor-column-gap-default\">\n\t\t\t\t\t<div class=\"elementor-column elementor-col-100 elementor-top-column elementor-element elementor-element-c7df803\" data-id=\"c7df803\" data-element_type=\"column\" data-e-type=\"column\">\n\t\t\t<div class=\"elementor-widget-wrap elementor-element-populated\">\n\t\t\t\t\t\t<div class=\"elementor-element elementor-element-229e490 elementor-widget elementor-widget-text-editor\" data-id=\"229e490\" data-element_type=\"widget\" data-e-type=\"widget\" data-widget_type=\"text-editor.default\">\n\t\t\t\t<div class=\"elementor-widget-container\">\n\t\t\t\t\t\t\t\t\t<table border=\"1\" width=\"100%\" cellspacing=\"10\" cellpadding=\"10\"><thead><tr><th id=\"N1\" scope=\"COL\"><h3><strong>\u00a0SCHOOL<\/strong><\/h3><\/th><th id=\"N2\" scope=\"COL\"><h3><strong>\u00a0ADDRESS<\/strong><\/h3><\/th><th id=\"N3\" scope=\"COL\"><h3><strong><br \/>TECHNICAL DIRECTOR<\/strong><\/h3><\/th><\/tr><\/thead><tbody><tr><td id=\"N1\">1 &#8211; CHONG LEE TAEKWONDO INC.<\/td><td id=\"N2\">7755, BOUL SAINT-LAURENT SUITE 301,\u00a0MONTR\u00c9AL, QC,\u00a0H2R 1X1<\/td><td id=\"N3\">EVANGELOS LYGEROS<br \/>T\u00c9L: 514-270-8239<br \/><a href=\"HTTP:\/\/WWW.CHONGLEETAEKWONDO.CA\">WWW.CHONGLEETAEKWONDO.CA<\/a><br \/><a href=\"MAILTO:CHONGLEETKD@HOTMAIL.CA\">CHONGLEETKD@HOTMAIL.CA<\/a><\/td><\/tr><tr><td id=\"N1\">45 &#8211; SPIN TAEKWONDO<\/td><td id=\"N2\">1530 BEAUBIEN EST MONTR\u00c9AL, QC, H2G 1L1<\/td><td id=\"N3\">BENJAMIN LEBOEUF<br \/>TEL: 514-575-2140<br \/><a href=\"HTTP:\/\/WWW.SPINTKD.COM\">WWW.SPINTKD.COM<br \/><\/a><a href=\"MAILTO:INFO@SPINTKD.COM\">INFO@SPINTKD.COM<\/a><\/td><\/tr><tr><td id=\"N1\">57 &#8211; \u00c9LITE TAEKWONDO<\/td><td id=\"N2\">6415 1RE AVE,<br \/>3RD FLOOR\/3E \u00c9TAGE, MONTREAL, QC,<br \/>H1Y 3A9<\/td><td id=\"N3\">FERRERE CLERVEAUX<br \/>TEL: 514-234-7390<br \/><a href=\"HTTP:\/\/WWW.ELITETAEKWONDO.CA\">WWW.ELITETAEKWONDO.CA<\/a><br \/><a href=\"MAILTO:INFO.ELITETAEKWONDOCANADA@GMAIL.COM\">INFO.ELITETAEKWONDOCANADA@GMAIL.COM<\/a><\/td><\/tr><tr><td id=\"N1\">77 &#8211; RAYMOND MOURAD TAEKWONDO<\/td><td id=\"N2\">5733 SHERBROOKE OUEST,\u00a0MONTR\u00c9AL, QC, H4A 1W9<\/td><td id=\"N3\">RAYMOND MOURAD<br \/>TEL: 514-488-1633<br \/><a href=\"HTTP:\/\/WWW.MOURADTKD.COM\">WWW.MOURADTKD.COM<\/a><br \/><a href=\"MAILTO:RMTAEKWONDO@VIDEOTRON.CA\">RMTAEKWONDO@VIDEOTRON.CA<\/a><\/td><\/tr><tr><td id=\"N1\">79 &#8211; \u00c9COLE DE TAEKWONDO ROUSSIN<\/td><td id=\"N2\">171 CROTEAU,\u00a0REPENTIGNY, QC, J5Z5B2<\/td><td id=\"N3\">DANIEL DUPUIS<br \/>TEL: 514-645-4519<br \/><a href=\"MAILTO:TAEKWONDOROUSSIN@LIVE.CA\">TAEKWONDOROUSSIN@LIVE.CA<\/a><\/td><\/tr><tr><td id=\"N1\">98 &#8211; \u00c9COLE TKD INT. CENTRE L. DETEIX<\/td><td id=\"N2\">5842, AVE LOUIS-H\u00c9BERT,\u00a0MONTR\u00c9AL, QC, H2G 2G2<\/td><td id=\"N3\">LAURENT DETEIX<br \/>TEL: 514-495-2023<a href=\"HTTP:\/\/WWW.TKD-DETEIX.CA\"><br \/>WWW.TKD-DETEIX.CA<\/a><br \/><a href=\"MAILTO:ALLOCALA@OUTLOOK.COM\">ALLOCALA@OUTLOOK.COM<\/a><\/td><\/tr><tr><td id=\"N1\">234 &#8211; \u00c9COLE DES CHAMPIONS OLYMPIQUES ROSEMONT<\/td><td id=\"N2\">6400, 16E AVENUE, MONTR\u00c9AL, QC, H1X 2S9 (C\u00c9GEP DE ROSEMONT)<\/td><td id=\"N3\">ABDEL ILAH ES SABBAR<br \/>TEL: 514-721-8173<br \/><a href=\"HTTP:\/\/WWW.ECOTAEKWONDO.COM\">WWW.ECOTAEKWONDO.COM<\/a><br \/><a href=\"MAILTO:ECOLEDESCHAMPIONS@HOTMAIL.COM\">ECOLEDESCHAMPIONS@HOTMAIL.COM<\/a><\/td><\/tr><tr><td id=\"N1\">244 &#8211; ASHLEY TAEKWONDO<\/td><td id=\"N2\">2745 MASSON,\u00a0MONTR\u00c9AL, QU\u00c9BEC,\u00a0H1Y 1W6<\/td><td id=\"N3\">ASHLEY CASTANEDA<br \/>TEL: 514-274-0777<br \/><a href=\"HTTP:\/\/WWW.ASHLEYTAEKWONDO.CA\">WWW.ASHLEYTAEKWONDO.CA<\/a><br \/><a href=\"MAILTO:ASHLEYTKD@HOTMAIL.COM\">ASHLEYTKD@HOTMAIL.COM<\/a><\/td><\/tr><tr><td id=\"N1\">248 &#8211; CCMM ULTIMATE TKD<\/td><td id=\"N2\">7319 BAUDELAIRE, MONTREAL, QC, H1S 2R4<\/td><td id=\"N3\">MEHDI SBEITI<br \/>TEL 514-277-3999<br \/><a href=\"MAILTO:MEHDICHAMP77@HOTMAIL.COM\">MEHDICHAMP77@HOTMAIL.COM<\/a><\/td><\/tr><tr><td id=\"N19\">252 &#8211; CLUB DE TAEKWONDO LCSM<\/td><td id=\"N20\">7501 RUE FRAN\u00c7OIS-PERRAULT, MONTR\u00c9AL,QC, H2A 1M1<\/td><td id=\"N21\">INSTRUCTEUR: JEAN MAURICE LAVOIE SUPERVISEUR: SAMI MAZRANI <a href=\"MAILTO:ADMINSTRATIONLCSM@LCSM.QC.CA\">ADMINSTRATIONLCSM@LCSM.QC.CA <\/a><\/td><\/tr><tr><td id=\"N1\">304 &#8211; CLUB LAURENTIEN<\/td><td id=\"N2\">10387 AVENUE GARON,\u00a0MONTR\u00c9AL, QC, H1H 3S8<\/td><td id=\"N3\">AHMED LAOUT<br \/>TEL: 514-735-0422<br \/><a href=\"MAILTO:TAEMUDO@YAHOO.COM\">TAEMUDO@YAHOO.COM<\/a><\/td><\/tr><tr><td id=\"TD\">316 &#8211; ACAD\u00c9-KICKS<\/td><td id=\"N16\">9850 TOLHURST, MONTR\u00c9AL, QC, H3L 2Z8<\/td><td id=\"N17\">KIM IN KYUNG TEL (514) 995-4257 <a href=\"HTTP:\/\/ACADEKICKS.COM\/\">HTTP:\/\/ACADEKICKS.COM\/<\/a><\/td><\/tr><tr><td id=\"\">319 &#8211; CLUB BADR DE TAEKWONDO<\/td><td id=\"N2\">8365 BOUL LANGELIER,\u00a0ST-L\u00c9ONARD, QC, H1P 2C3<\/td><td id=\"N3\">AHMED LAOUT<br \/>TEL: 514-324-5341<br \/><a href=\"MAILTO:ACTIVITE@BADR.CA\">ACTIVITE@BADR.CA<\/a><\/td><\/tr><tr><td id=\"N7\">343 &#8211; CLUB CENTRE SUD DE TAEKWONDO<\/td><td id=\"N8\">3385 BARCLAY APT 02,\u00a0MONTR\u00c9AL, QC, H3S 1K3<\/td><td id=\"N9\">AHMED LAOUT<br \/><a href=\"MAILTO:TAEMUDO@YAHOO.COM\">TAEMUDO@YAHOO.COM<\/a><\/td><\/tr><tr><td id=\"N4\">353 &#8211; FIGHTER TAEKWONDO ACADEMY<\/td><td id=\"N5\">3441, JEAN-TALON E,\u00a0MONTR\u00c9AL,QC, H2A 1X1<\/td><td id=\"N6\">TONY ACHKOUTI<br \/><a href=\"MAILTO:REDHOUANECANADA16@HOTMAIL.FR\">REDHOUANECANADA16@HOTMAIL.FR<\/a><\/td><\/tr><tr><td id=\"N13\">371 &#8211; CLUB DE TAEKWONDO ST-CL\u00c9MENT<\/td><td id=\"N14\">2351, BOUL. PIE-IX,\u00a0MONTR\u00c9AL, QC, H1V 2E6<\/td><td id=\"N15\">SOUMARE GAOUSSOU<br \/><a href=\"MAILTO:LESLOISIRSSTCLEMENT@GMAIL.COM\">LESLOISIRSSTCLEMENT@GMAIL.COM<\/a><\/td><\/tr><tr><td id=\"N10\">373 &#8211; KWON TAEKWONDO<\/td><td id=\"N11\">2187 HARRIET-QUIMBY,\u00a0ST-LAURENT, QC, H4R 3E2<\/td><td id=\"N12\">RICHARD EUG\u00c8NE NKAKOU<br \/><a href=\"HTTP:\/\/KWONTAEKWONDO.COM\">KWONTAEKWONDO.COM<\/a><br \/><a href=\"MAILTO:INFO@KWONTAEKWONDO.COM\">INFO@KWONTAEKWONDO.COM<\/a><\/td><\/tr><tr><td id=\"N18\">375 &#8211; CLUB TAEKWONDO FUTURE<\/td><td id=\"N22\">3250 BOUL. CREMAZIE EST, MONTR\u00c9AL,. QC, H2A 3N9<\/td><td id=\"N23\">JAMAL CH\u00c2BI <a href=\"MAILTO:JAMALCHABITKD3@GMAIL.COM\">JAMALCHABITKD3@GMAIL.COM<\/a><\/td><\/tr><tr><td id=\"N27\">376 &#8211; MONTR\u00c9AL CHAMPIONS TAEKWONDO<\/td><td id=\"N28\">6498 RUE BEAUBIEN EST,\u00a0MONTR\u00c9AL, QC, H1M 1A9<\/td><td id=\"N29\">BACHIR BENAOUDA <a href=\"MAILTO:NEOBLADE10@HOTMAIL.COM\">NEOBLADE10@HOTMAIL.COM<\/a><\/td><\/tr><tr><td id=\"N24\">380 &#8211; RICHARD TAEKWONDO MUDO DOJANG<\/td><td id=\"N25\">9240, AVENUE DU PARC, MONTR\u00c9AL, H2N 1Z2, QC<\/td><td id=\"N26\">RICHARD TEL: 514-914-8799 OU<br \/>514-443-0017 <a href=\"MAILTO:DIEDIENE1@GMAIL.COM\">DIEDIENE1@GMAIL.COM<\/a><\/td><\/tr><\/tbody><\/table>\t\t\t\t\t\t\t\t<\/div>\n\t\t\t\t<\/div>\n\t\t\t\t\t<\/div>\n\t\t<\/div>\n\t\t\t\t\t<\/div>\n\t\t<\/section>\n\t\t\t\t<\/div>\n\t\t","protected":false},"excerpt":{"rendered":"<p>MONTREAL TAEKWONDO ASSOCIATION SCHOOLS \u00a0SCHOOL \u00a0ADDRESS TECHNICAL DIRECTOR 1 &#8211; CHONG LEE TAEKWONDO INC. 7755, BOUL SAINT-LAURENT SUITE 301,\u00a0MONTR\u00c9AL, QC,\u00a0H2R 1X1 EVANGELOS LYGEROST\u00c9L: 514-270-8239WWW.CHONGLEETAEKWONDO.CACHONGLEETKD@HOTMAIL.CA 45 &#8211; SPIN TAEKWONDO 1530 BEAUBIEN EST MONTR\u00c9AL, QC, H2G 1L1 BENJAMIN LEBOEUFTEL: 514-575-2140WWW.SPINTKD.COMINFO@SPINTKD.COM 57 &#8211; \u00c9LITE TAEKWONDO 6415 1RE AVE,3RD FLOOR\/3E \u00c9TAGE, MONTREAL, QC,H1Y 3A9 FERRERE CLERVEAUXTEL: 514-234-7390WWW.ELITETAEKWONDO.CAINFO.ELITETAEKWONDOCANADA@GMAIL.COM 77 &#8211; [&hellip;]<\/p>\n","protected":false},"author":1,"featured_media":0,"parent":0,"menu_order":0,"comment_status":"closed","ping_status":"closed","template":"page-templates\/fullwidth-content.php","meta":{"footnotes":""},"class_list":["post-1257","page","type-page","status-publish","hentry"],"_links":{"self":[{"href":"https:\/\/association-taekwondo-montreal.ca\/en\/wp-json\/wp\/v2\/pages\/1257","targetHints":{"allow":["GET"]}}],"collection":[{"href":"https:\/\/association-taekwondo-montreal.ca\/en\/wp-json\/wp\/v2\/pages"}],"about":[{"href":"https:\/\/association-taekwondo-montreal.ca\/en\/wp-json\/wp\/v2\/types\/page"}],"author":[{"embeddable":true,"href":"https:\/\/association-taekwondo-montreal.ca\/en\/wp-json\/wp\/v2\/users\/1"}],"replies":[{"embeddable":true,"href":"https:\/\/association-taekwondo-montreal.ca\/en\/wp-json\/wp\/v2\/comments?post=1257"}],"version-history":[{"count":0,"href":"https:\/\/association-taekwondo-montreal.ca\/en\/wp-json\/wp\/v2\/pages\/1257\/revisions"}],"wp:attachment":[{"href":"https:\/\/association-taekwondo-montreal.ca\/en\/wp-json\/wp\/v2\/media?parent=1257"}],"curies":[{"name":"wp","href":"https:\/\/api.w.org\/{rel}","templated":true}]}}