{"id":1266,"date":"2021-11-20T11:28:58","date_gmt":"2021-11-20T16:28:58","guid":{"rendered":"http:\/\/association-taekwondo-montreal.ca\/council-members"},"modified":"2022-10-20T14:18:57","modified_gmt":"2022-10-20T18:18:57","slug":"council-members","status":"publish","type":"page","link":"https:\/\/association-taekwondo-montreal.ca\/en\/council-members","title":{"rendered":"COUNCIL MEMBERS"},"content":{"rendered":"\t\t<div data-elementor-type=\"wp-page\" data-elementor-id=\"1266\" class=\"elementor elementor-1266 elementor-1014\" data-elementor-post-type=\"page\">\n\t\t\t\t\t\t<section class=\"elementor-section elementor-top-section elementor-element elementor-element-d1b6886 elementor-section-boxed elementor-section-height-default elementor-section-height-default\" data-id=\"d1b6886\" data-element_type=\"section\" data-e-type=\"section\" data-settings=\"{&quot;jet_parallax_layout_list&quot;:[{&quot;_id&quot;:&quot;91de72d&quot;,&quot;jet_parallax_layout_speed&quot;:{&quot;unit&quot;:&quot;%&quot;,&quot;size&quot;:50,&quot;sizes&quot;:[]},&quot;jet_parallax_layout_image&quot;:{&quot;url&quot;:&quot;&quot;,&quot;id&quot;:&quot;&quot;,&quot;size&quot;:&quot;&quot;},&quot;jet_parallax_layout_image_tablet&quot;:{&quot;url&quot;:&quot;&quot;,&quot;id&quot;:&quot;&quot;,&quot;size&quot;:&quot;&quot;},&quot;jet_parallax_layout_image_mobile&quot;:{&quot;url&quot;:&quot;&quot;,&quot;id&quot;:&quot;&quot;,&quot;size&quot;:&quot;&quot;},&quot;jet_parallax_layout_type&quot;:&quot;scroll&quot;,&quot;jet_parallax_layout_direction&quot;:&quot;1&quot;,&quot;jet_parallax_layout_fx_direction&quot;:null,&quot;jet_parallax_layout_z_index&quot;:&quot;&quot;,&quot;jet_parallax_layout_bg_x&quot;:50,&quot;jet_parallax_layout_bg_x_tablet&quot;:&quot;&quot;,&quot;jet_parallax_layout_bg_x_mobile&quot;:&quot;&quot;,&quot;jet_parallax_layout_bg_y&quot;:50,&quot;jet_parallax_layout_bg_y_tablet&quot;:&quot;&quot;,&quot;jet_parallax_layout_bg_y_mobile&quot;:&quot;&quot;,&quot;jet_parallax_layout_bg_size&quot;:&quot;auto&quot;,&quot;jet_parallax_layout_bg_size_tablet&quot;:&quot;&quot;,&quot;jet_parallax_layout_bg_size_mobile&quot;:&quot;&quot;,&quot;jet_parallax_layout_animation_prop&quot;:&quot;transform&quot;,&quot;jet_parallax_layout_on&quot;:[&quot;desktop&quot;,&quot;tablet&quot;]}],&quot;background_background&quot;:&quot;classic&quot;}\">\n\t\t\t\t\t\t<div class=\"elementor-container elementor-column-gap-default\">\n\t\t\t\t\t<div class=\"elementor-column elementor-col-100 elementor-top-column elementor-element elementor-element-11da355\" data-id=\"11da355\" data-element_type=\"column\" data-e-type=\"column\">\n\t\t\t<div class=\"elementor-widget-wrap elementor-element-populated\">\n\t\t\t\t\t\t<div class=\"elementor-element elementor-element-7b5b897 elementor-widget elementor-widget-heading\" data-id=\"7b5b897\" data-element_type=\"widget\" data-e-type=\"widget\" data-widget_type=\"heading.default\">\n\t\t\t\t<div class=\"elementor-widget-container\">\n\t\t\t\t\t<h2 class=\"elementor-heading-title elementor-size-default\">COUNCIL MEMBERS<span style=\"color: #ef1d25\"><\/span><\/h2>\t\t\t\t<\/div>\n\t\t\t\t<\/div>\n\t\t\t\t<div class=\"elementor-element elementor-element-6c7d6c0 elementor-widget elementor-widget-spacer\" data-id=\"6c7d6c0\" data-element_type=\"widget\" data-e-type=\"widget\" data-widget_type=\"spacer.default\">\n\t\t\t\t<div class=\"elementor-widget-container\">\n\t\t\t\t\t\t\t<div class=\"elementor-spacer\">\n\t\t\t<div class=\"elementor-spacer-inner\"><\/div>\n\t\t<\/div>\n\t\t\t\t\t\t<\/div>\n\t\t\t\t<\/div>\n\t\t\t\t<div class=\"elementor-element elementor-element-5459ce8 elementor-widget elementor-widget-text-editor\" data-id=\"5459ce8\" data-element_type=\"widget\" data-e-type=\"widget\" data-widget_type=\"text-editor.default\">\n\t\t\t\t<div class=\"elementor-widget-container\">\n\t\t\t\t\t\t\t\t\t<table border=\"1\" width=\"100%\">\n<tbody>\n<tr>\n<th id=\"n5\" class=\"t1\" scope=\"col\">Administration<\/th>\n<th id=\"n6\" class=\"t1\" scope=\"col\">Name<\/th>\n<th id=\"n7\" class=\"t1\" scope=\"col\">Email<\/th>\n<th id=\"n8\" class=\"t1\" scope=\"col\">School<\/th>\n<\/tr>\n<tr class=\"table-alternate row1\">\n<td id=\"n37\" class=\"start\">Pr\u00e9sident<\/td>\n<td id=\"n38\">Ma\u00eetre Evangelos Lygeros<\/td>\n<td id=\"n39\"><a href=\"mailto:ligeros@hotmail.com\">ligeros@hotmail.com<\/a><\/td>\n<td id=\"n40\">Chong Lee Taekwondo<\/td>\n<\/tr>\n<tr class=\"table-noalt row2\">\n<td id=\"n33\" class=\"start\">Vice-Pr\u00e9sident<\/td>\n<td id=\"n34\">Michel Labont\u00e9<\/td>\n<td id=\"n35\"><a href=\"mailto:michel.labonte1955@gmail.com\" target=\"_blank\" rel=\"noopener\">michel.labonte1955@gmail.com<\/a><\/td>\n<td id=\"n36\">Ashley Taekwondo<\/td>\n<\/tr>\n<tr class=\"table-alternate row3\">\n<td id=\"n29\" class=\"start\">Directeur technique<\/td>\n<td id=\"n30\">Ma\u00eetre Ashley Castaneda<\/td>\n<td id=\"n31\"><a href=\"mailto:ashley@ashleytaekwondo.ca\">ashley@ashleytaekwondo.ca<\/a><\/td>\n<td id=\"n32\">Ashley Taekwondo<\/td>\n<\/tr>\n<tr class=\"table-noalt row4\">\n<td id=\"n25\" class=\"start\">Tr\u00e9sorier<\/td>\n<td id=\"n26\">Gregory Synanidis<\/td>\n<td id=\"n27\"><a href=\"mailto:Greg.Synanidis@gmail.com\">Greg.Synanidis@gmail.com<\/a><\/td>\n<td id=\"n28\">Chong Lee Taekwondo<\/td>\n<\/tr>\n<tr class=\"table-alternate row5\">\n<td id=\"n21\" class=\"start\">Directeur<\/td>\n<td id=\"n22\">Raymond Mourad<\/td>\n<td id=\"n23\"><a href=\"mailto:rmtaekwondo@videotron.ca\">rmtaekwondo@videotron.ca<\/a><\/td>\n<td id=\"n24\">Raymond Mourad Taekwondo Academy<\/td>\n<\/tr>\n<tr class=\"table-noalt row6\">\n<td id=\"n17\" class=\"start\">Secr\u00e9taire<\/td>\n<td id=\"n18\">Abdel-Ilah Es-Sabbar<\/td>\n<td id=\"n19\"><a href=\"mailto:ecoledeschampions@hotmail.com\">ecoledeschampions@hotmail.com<\/a><\/td>\n<td id=\"n20\">\u00c9cole des Champions<\/td>\n<\/tr>\n<\/tbody>\n<\/table>\t\t\t\t\t\t\t\t<\/div>\n\t\t\t\t<\/div>\n\t\t\t\t<div class=\"elementor-element elementor-element-9901e14 elementor-widget elementor-widget-spacer\" data-id=\"9901e14\" data-element_type=\"widget\" data-e-type=\"widget\" data-widget_type=\"spacer.default\">\n\t\t\t\t<div class=\"elementor-widget-container\">\n\t\t\t\t\t\t\t<div class=\"elementor-spacer\">\n\t\t\t<div class=\"elementor-spacer-inner\"><\/div>\n\t\t<\/div>\n\t\t\t\t\t\t<\/div>\n\t\t\t\t<\/div>\n\t\t\t\t<div class=\"elementor-element elementor-element-7992596 elementor-widget elementor-widget-spacer\" data-id=\"7992596\" data-element_type=\"widget\" data-e-type=\"widget\" data-widget_type=\"spacer.default\">\n\t\t\t\t<div class=\"elementor-widget-container\">\n\t\t\t\t\t\t\t<div class=\"elementor-spacer\">\n\t\t\t<div class=\"elementor-spacer-inner\"><\/div>\n\t\t<\/div>\n\t\t\t\t\t\t<\/div>\n\t\t\t\t<\/div>\n\t\t\t\t\t<\/div>\n\t\t<\/div>\n\t\t\t\t\t<\/div>\n\t\t<\/section>\n\t\t\t\t<\/div>\n\t\t","protected":false},"excerpt":{"rendered":"<p>COUNCIL MEMBERS Administration Name Email School Pr\u00e9sident Ma\u00eetre Evangelos Lygeros ligeros@hotmail.com Chong Lee Taekwondo Vice-Pr\u00e9sident Michel Labont\u00e9 michel.labonte1955@gmail.com Ashley Taekwondo Directeur technique Ma\u00eetre Ashley Castaneda ashley@ashleytaekwondo.ca Ashley Taekwondo Tr\u00e9sorier Gregory Synanidis Greg.Synanidis@gmail.com Chong Lee Taekwondo Directeur Raymond Mourad rmtaekwondo@videotron.ca Raymond Mourad Taekwondo Academy Secr\u00e9taire Abdel-Ilah Es-Sabbar ecoledeschampions@hotmail.com \u00c9cole des Champions<\/p>\n","protected":false},"author":1,"featured_media":0,"parent":0,"menu_order":0,"comment_status":"closed","ping_status":"closed","template":"elementor_theme","meta":{"footnotes":""},"class_list":["post-1266","page","type-page","status-publish","hentry"],"_links":{"self":[{"href":"https:\/\/association-taekwondo-montreal.ca\/en\/wp-json\/wp\/v2\/pages\/1266","targetHints":{"allow":["GET"]}}],"collection":[{"href":"https:\/\/association-taekwondo-montreal.ca\/en\/wp-json\/wp\/v2\/pages"}],"about":[{"href":"https:\/\/association-taekwondo-montreal.ca\/en\/wp-json\/wp\/v2\/types\/page"}],"author":[{"embeddable":true,"href":"https:\/\/association-taekwondo-montreal.ca\/en\/wp-json\/wp\/v2\/users\/1"}],"replies":[{"embeddable":true,"href":"https:\/\/association-taekwondo-montreal.ca\/en\/wp-json\/wp\/v2\/comments?post=1266"}],"version-history":[{"count":0,"href":"https:\/\/association-taekwondo-montreal.ca\/en\/wp-json\/wp\/v2\/pages\/1266\/revisions"}],"wp:attachment":[{"href":"https:\/\/association-taekwondo-montreal.ca\/en\/wp-json\/wp\/v2\/media?parent=1266"}],"curies":[{"name":"wp","href":"https:\/\/api.w.org\/{rel}","templated":true}]}}